{"id":48,"date":"2013-08-27T22:21:48","date_gmt":"2013-08-27T22:21:48","guid":{"rendered":"http:\/\/agrovivienda.com\/esp\/?page_id=48"},"modified":"2020-11-02T16:12:34","modified_gmt":"2020-11-02T16:12:34","slug":"retirarse-en-ecuador","status":"publish","type":"page","link":"http:\/\/agrovivienda.com\/esp\/retirarse-en-ecuador\/","title":{"rendered":"Retirarse en Ecuador"},"content":{"rendered":"<p>Retirarse en Ecuador<\/p>\n<ul>\n<li>Obtenga su visa de residencia a trav\u00e9s de su inversi\u00f3n desde $35,000 d\u00f3lares comprando su casa (la propiedad debe de estar pagada por completo para poder procesar la visa de residente). El equipo de Agrovivienda tambi\u00e9n lo puede asistir con el proceso de obtener esta visa con un equipo legal y la documentaci\u00f3n necesaria.<\/li>\n<li>Ecuador ha sido&nbsp;clasificado como el destino #1 para retirarse por cinco a\u00f1os seguidos incluyendo 2012 por International Living Magazine.<\/li>\n<li>Excelentes planes de seguro de salud por una fracci\u00f3n de lo que cuestan en Estados Unidos (10%&nbsp;a 25% de lo que se pagar\u00eda en Estados Unidos as\u00ed como es mencionado en International Living)<\/li>\n<li>Ecuador votado como el mejor sitio en el mundo para vivir el retiro como fue indicado por Business Insider.<\/li>\n<li>Todos los residentes son elegibles para participar en el programa de salud del seguro social de Ecuador por unos cargos mensuales muy bajos. Adicionalmente hay planes de seguros muy accesibles.<\/li>\n<li>Ret\u00edrese y ahorre mientras vive en Ecuador dado los bajos costos de vida.<\/li>\n<li>Acceso a vuelos internacionales para Estados Unidos y Europa de varios aeropuertos Ecuatorianos<\/li>\n<li>Bajos precios de bienes y ra\u00edces y de impuestos de propiedad.<\/li>\n<li>Ecuador es un pa\u00eds con monta\u00f1as, playas, islas y<br \/>\nmuchos sitios hist\u00f3ricos que pueden ser visitados por los m\u00e1s aventureros. Ecuador ha sido nombrado uno de los mejores pa\u00edses para viajar como dicho por Lonely Planet.<\/li>\n<li>Tiene planes de operar un negocio? Es muy simple y a muy bajos costos<\/li>\n<li>Ya existe una comunidad de extranjeros que residen en Ecuador.<\/li>\n<li>Pa\u00eds seguro con una econom\u00eda, gobierno y precios de bienes y ra\u00edces estables. Adicionalmente no va a haber perdidas en cambios de moneda ya que la econom\u00eda es basada en d\u00f3lares Americanos<\/li>\n<li>Acceso a internet con planes de mensuales de bajos costos de esta manera puede estar en contacto con sus familiares y amistades a trav\u00e9s de Skype, Facebook, email, etc.<\/li>\n<li>Muchas parejas retiradas viven por menos de $1000 al mes<\/li>\n<li>Excelente comida y frescos vegetales y frutas&nbsp;por muy bajos costos<\/li>\n<li>Proceso de compra de bienes y ra\u00edces muy parecido al de Estados Unidos. El comprador no tiene que pagar una comisi\u00f3n ya que es ilegal. La comisi\u00f3n es pagada por el vendedor. As\u00ed como en Estados Unidos se hace una b\u00fasqueda de t\u00edtulo y toda la documentaci\u00f3n necesaria es preparada por un abogado con experiencia.<\/li>\n<\/ul>\n","protected":false},"excerpt":{"rendered":"<p>Retirarse en Ecuador Obtenga su visa de residencia a trav\u00e9s de su inversi\u00f3n desde $35,000 d\u00f3lares comprando su casa (la propiedad debe de estar pagada por completo para poder procesar la visa de residente). El equipo de Agrovivienda tambi\u00e9n lo puede asistir con el proceso de obtener esta visa con un equipo legal y la documentaci\u00f3n necesaria. Ecuador ha sido&nbsp;clasificado como el destino #1 para retirarse por cinco a\u00f1os seguidos incluyendo 2012 por International Living Magazine. Excelentes planes de seguro de salud por una fracci\u00f3n de lo que cuestan en Estados Unidos (10%&nbsp;a 25% de lo que se pagar\u00eda en&nbsp;<a href=\"http:\/\/agrovivienda.com\/esp\/retirarse-en-ecuador\/\" class=\"read-more\">Continue Reading<\/a><\/p>\n","protected":false},"author":1,"featured_media":0,"parent":0,"menu_order":0,"comment_status":"open","ping_status":"open","template":"","meta":{"ngg_post_thumbnail":0},"yoast_head":"<!-- This site is optimized with the Yoast SEO plugin v15.2 - https:\/\/yoast.com\/wordpress\/plugins\/seo\/ -->\n<meta name=\"description\" content=\"Ecuador ha sido rankeada como el destino #1 para retirarse en Ecuador. Ecuador votado como el mejor sitio en el mundo para vivir el retiro.\" \/>\n<meta name=\"robots\" content=\"index, follow, max-snippet:-1, max-image-preview:large, max-video-preview:-1\" \/>\n<link rel=\"canonical\" href=\"http:\/\/agrovivienda.com\/esp\/retirarse-en-ecuador\/\" \/>\n<meta property=\"og:locale\" content=\"en_US\" \/>\n<meta property=\"og:type\" content=\"article\" \/>\n<meta property=\"og:title\" content=\"Retirarse en Ecuador - AgroVivienda\" \/>\n<meta property=\"og:description\" content=\"Ecuador ha sido rankeada como el destino #1 para retirarse en Ecuador. Ecuador votado como el mejor sitio en el mundo para vivir el retiro.\" \/>\n<meta property=\"og:url\" content=\"http:\/\/agrovivienda.com\/esp\/retirarse-en-ecuador\/\" \/>\n<meta property=\"og:site_name\" content=\"AgroVivienda\" \/>\n<meta property=\"article:modified_time\" content=\"2020-11-02T16:12:34+00:00\" \/>\n<meta name=\"twitter:label1\" value=\"Written by\">\n\t<meta name=\"twitter:data1\" value=\"admin\">\n\t<meta name=\"twitter:label2\" value=\"Est. reading time\">\n\t<meta name=\"twitter:data2\" value=\"2 minutes\">\n<script type=\"application\/ld+json\" class=\"yoast-schema-graph\">{\"@context\":\"https:\/\/schema.org\",\"@graph\":[{\"@type\":\"WebSite\",\"@id\":\"http:\/\/agrovivienda.com\/esp\/#website\",\"url\":\"http:\/\/agrovivienda.com\/esp\/\",\"name\":\"AgroVivienda\",\"description\":\"\",\"potentialAction\":[{\"@type\":\"SearchAction\",\"target\":\"http:\/\/agrovivienda.com\/esp\/?s={search_term_string}\",\"query-input\":\"required name=search_term_string\"}],\"inLanguage\":\"en-US\"},{\"@type\":\"WebPage\",\"@id\":\"http:\/\/agrovivienda.com\/esp\/retirarse-en-ecuador\/#webpage\",\"url\":\"http:\/\/agrovivienda.com\/esp\/retirarse-en-ecuador\/\",\"name\":\"Retirarse en Ecuador - AgroVivienda\",\"isPartOf\":{\"@id\":\"http:\/\/agrovivienda.com\/esp\/#website\"},\"datePublished\":\"2013-08-27T22:21:48+00:00\",\"dateModified\":\"2020-11-02T16:12:34+00:00\",\"description\":\"Ecuador ha sido rankeada como el destino #1 para retirarse en Ecuador. Ecuador votado como el mejor sitio en el mundo para vivir el retiro.\",\"inLanguage\":\"en-US\",\"potentialAction\":[{\"@type\":\"ReadAction\",\"target\":[\"http:\/\/agrovivienda.com\/esp\/retirarse-en-ecuador\/\"]}]}]}<\/script>\n<!-- \/ Yoast SEO plugin. -->","_links":{"self":[{"href":"http:\/\/agrovivienda.com\/esp\/wp-json\/wp\/v2\/pages\/48"}],"collection":[{"href":"http:\/\/agrovivienda.com\/esp\/wp-json\/wp\/v2\/pages"}],"about":[{"href":"http:\/\/agrovivienda.com\/esp\/wp-json\/wp\/v2\/types\/page"}],"author":[{"embeddable":true,"href":"http:\/\/agrovivienda.com\/esp\/wp-json\/wp\/v2\/users\/1"}],"replies":[{"embeddable":true,"href":"http:\/\/agrovivienda.com\/esp\/wp-json\/wp\/v2\/comments?post=48"}],"version-history":[{"count":10,"href":"http:\/\/agrovivienda.com\/esp\/wp-json\/wp\/v2\/pages\/48\/revisions"}],"predecessor-version":[{"id":571,"href":"http:\/\/agrovivienda.com\/esp\/wp-json\/wp\/v2\/pages\/48\/revisions\/571"}],"wp:attachment":[{"href":"http:\/\/agrovivienda.com\/esp\/wp-json\/wp\/v2\/media?parent=48"}],"curies":[{"name":"wp","href":"https:\/\/api.w.org\/{rel}","templated":true}]}}