{"id":15,"date":"2013-08-27T16:48:14","date_gmt":"2013-08-27T16:48:14","guid":{"rendered":"http:\/\/agrovivienda.com\/esp\/?page_id=15"},"modified":"2021-08-17T17:43:48","modified_gmt":"2021-08-17T17:43:48","slug":"contacto","status":"publish","type":"page","link":"http:\/\/agrovivienda.com\/esp\/contacto\/","title":{"rendered":"Contacto"},"content":{"rendered":"<p>&nbsp;<\/p>\n<p>Para mas informaci\u00f3n sobre AgroVivienda por favor cont\u00e1ctenos:<\/p>\n<p><strong>En Ecuador:<\/strong><\/p>\n<ul>\n<li>Km 23.5 v\u00eda a Guayaquil diagonal a la Y de San Vicente Santa Elena, Ecuador (oficinas dentro del proyecto) ;<\/li>\n<li>Informes Ventas &#8211; Cel # 0995782246 \/ 09789883429 \/ 0961475439<\/li>\n<li>(Ventas ) Arquitecto ; Cel # 0978983429<\/li>\n<li>(Administraci\u00f3n e informes) &nbsp; &nbsp; <strong>manager@agrovivienda.com<\/strong> &nbsp;<\/li>\n<li><img loading=\"lazy\" class=\"alignleft  wp-image-600\" src=\"http:\/\/agrovivienda.com\/esp\/wp-content\/uploads\/2021\/08\/Grupo-Api-logo.jpg\" alt=\"\" width=\"143\" height=\"117\" srcset=\"http:\/\/agrovivienda.com\/esp\/wp-content\/uploads\/2021\/08\/Grupo-Api-logo.jpg 1080w, http:\/\/agrovivienda.com\/esp\/wp-content\/uploads\/2021\/08\/Grupo-Api-logo-300x246.jpg 300w, http:\/\/agrovivienda.com\/esp\/wp-content\/uploads\/2021\/08\/Grupo-Api-logo-1024x839.jpg 1024w, http:\/\/agrovivienda.com\/esp\/wp-content\/uploads\/2021\/08\/Grupo-Api-logo-768x629.jpg 768w\" sizes=\"(max-width: 143px) 100vw, 143px\" \/>&nbsp; &nbsp; &nbsp; &nbsp; &nbsp; &nbsp; &nbsp; &nbsp; &nbsp; &nbsp; &nbsp; &nbsp; &nbsp; &nbsp; &nbsp; &nbsp; &nbsp; &nbsp; &nbsp; &nbsp; &nbsp; &nbsp; &nbsp; &nbsp;&nbsp;<\/li>\n<li>Cel # 0999423526 \/ 042-283011 \/ grupoapi@yahoo.com<\/li>\n<\/ul>\n<p>&nbsp;<\/p>\n<p><strong>En USA:<\/strong><\/p>\n<ul>\n<li>En <strong>N.Y<\/strong>. en el area triestatal ;<\/li>\n<li>Encargado ; Sr. Israel Palacios<\/li>\n<li>(201)921-0028 \/ (516) 384-8069\/ israelpalacios191@yahoo.com<\/li>\n<li><img loading=\"lazy\" class=\"alignleft  wp-image-601\" src=\"http:\/\/agrovivienda.com\/esp\/wp-content\/uploads\/2021\/08\/Isrrael-Palacios.jpg\" alt=\"\" width=\"102\" height=\"130\" srcset=\"http:\/\/agrovivienda.com\/esp\/wp-content\/uploads\/2021\/08\/Isrrael-Palacios.jpg 1253w, http:\/\/agrovivienda.com\/esp\/wp-content\/uploads\/2021\/08\/Isrrael-Palacios-235x300.jpg 235w, http:\/\/agrovivienda.com\/esp\/wp-content\/uploads\/2021\/08\/Isrrael-Palacios-802x1024.jpg 802w, http:\/\/agrovivienda.com\/esp\/wp-content\/uploads\/2021\/08\/Isrrael-Palacios-768x981.jpg 768w, http:\/\/agrovivienda.com\/esp\/wp-content\/uploads\/2021\/08\/Isrrael-Palacios-1203x1536.jpg 1203w\" sizes=\"(max-width: 102px) 100vw, 102px\" \/><\/li>\n<\/ul>\n<p>&nbsp;<\/p>\n<p>&nbsp;<\/p>\n<p>&nbsp;<\/p>\n<ul>\n<li>&nbsp;<strong>Florida ,USA.<\/strong>&nbsp;<\/li>\n<li>&nbsp;Encargado ; Mr Agustin Perez&nbsp;<\/li>\n<li>&nbsp;(954)802-6011 \/ agustin.perez.lebron@gmail.com<\/li>\n<li><img loading=\"lazy\" class=\"alignleft  wp-image-602\" src=\"http:\/\/agrovivienda.com\/esp\/wp-content\/uploads\/2021\/08\/Agustin-Perez.jpg\" alt=\"\" width=\"81\" height=\"108\" srcset=\"http:\/\/agrovivienda.com\/esp\/wp-content\/uploads\/2021\/08\/Agustin-Perez.jpg 768w, http:\/\/agrovivienda.com\/esp\/wp-content\/uploads\/2021\/08\/Agustin-Perez-225x300.jpg 225w\" sizes=\"(max-width: 81px) 100vw, 81px\" \/><\/li>\n<\/ul>\n\n\n<p><\/p>\n","protected":false},"excerpt":{"rendered":"<p>&nbsp; Para mas informaci\u00f3n sobre AgroVivienda por favor cont\u00e1ctenos: En Ecuador: Km 23.5 v\u00eda a Guayaquil diagonal a la Y de San Vicente Santa Elena, Ecuador (oficinas dentro del proyecto) ; Informes Ventas &#8211; Cel # 0995782246 \/ 09789883429 \/ 0961475439 (Ventas ) Arquitecto ; Cel # 0978983429 (Administraci\u00f3n e informes) &nbsp; &nbsp; manager@agrovivienda.com &nbsp; &nbsp; &nbsp; &nbsp; &nbsp; &nbsp; &nbsp; &nbsp; &nbsp; &nbsp; &nbsp; &nbsp; &nbsp; &nbsp; &nbsp; &nbsp; &nbsp; &nbsp; &nbsp; &nbsp; &nbsp; &nbsp; &nbsp; &nbsp; &nbsp;&nbsp; Cel # 0999423526 \/ 042-283011 \/ grupoapi@yahoo.com &nbsp; En USA: En N.Y. en el area triestatal ; Encargado ; Sr. Israel&nbsp;<a href=\"http:\/\/agrovivienda.com\/esp\/contacto\/\" class=\"read-more\">Continue Reading<\/a><\/p>\n","protected":false},"author":1,"featured_media":0,"parent":0,"menu_order":0,"comment_status":"closed","ping_status":"closed","template":"","meta":{"ngg_post_thumbnail":0},"yoast_head":"<!-- This site is optimized with the Yoast SEO plugin v15.2 - https:\/\/yoast.com\/wordpress\/plugins\/seo\/ -->\n<meta name=\"description\" content=\"Para mas informaci\u00f3n sobre AgroVivienda por favor contactenos a trav\u00e9s de nuestra pagina web.\" \/>\n<meta name=\"robots\" content=\"index, follow, max-snippet:-1, max-image-preview:large, max-video-preview:-1\" \/>\n<link rel=\"canonical\" href=\"http:\/\/agrovivienda.com\/esp\/contacto\/\" \/>\n<meta property=\"og:locale\" content=\"en_US\" \/>\n<meta property=\"og:type\" content=\"article\" \/>\n<meta property=\"og:title\" content=\"Contacto - AgroVivienda\" \/>\n<meta property=\"og:description\" content=\"Para mas informaci\u00f3n sobre AgroVivienda por favor contactenos a trav\u00e9s de nuestra pagina web.\" \/>\n<meta property=\"og:url\" content=\"http:\/\/agrovivienda.com\/esp\/contacto\/\" \/>\n<meta property=\"og:site_name\" content=\"AgroVivienda\" \/>\n<meta property=\"article:modified_time\" content=\"2021-08-17T17:43:48+00:00\" \/>\n<meta property=\"og:image\" content=\"http:\/\/agrovivienda.com\/esp\/wp-content\/uploads\/2021\/08\/Grupo-Api-logo.jpg\" \/>\n<meta name=\"twitter:label1\" value=\"Written by\">\n\t<meta name=\"twitter:data1\" value=\"admin\">\n\t<meta name=\"twitter:label2\" value=\"Est. reading time\">\n\t<meta name=\"twitter:data2\" value=\"0 minutes\">\n<script type=\"application\/ld+json\" class=\"yoast-schema-graph\">{\"@context\":\"https:\/\/schema.org\",\"@graph\":[{\"@type\":\"WebSite\",\"@id\":\"http:\/\/agrovivienda.com\/esp\/#website\",\"url\":\"http:\/\/agrovivienda.com\/esp\/\",\"name\":\"AgroVivienda\",\"description\":\"\",\"potentialAction\":[{\"@type\":\"SearchAction\",\"target\":\"http:\/\/agrovivienda.com\/esp\/?s={search_term_string}\",\"query-input\":\"required name=search_term_string\"}],\"inLanguage\":\"en-US\"},{\"@type\":\"ImageObject\",\"@id\":\"http:\/\/agrovivienda.com\/esp\/contacto\/#primaryimage\",\"inLanguage\":\"en-US\",\"url\":\"http:\/\/agrovivienda.com\/esp\/wp-content\/uploads\/2021\/08\/Grupo-Api-logo.jpg\",\"width\":1080,\"height\":885},{\"@type\":\"WebPage\",\"@id\":\"http:\/\/agrovivienda.com\/esp\/contacto\/#webpage\",\"url\":\"http:\/\/agrovivienda.com\/esp\/contacto\/\",\"name\":\"Contacto - AgroVivienda\",\"isPartOf\":{\"@id\":\"http:\/\/agrovivienda.com\/esp\/#website\"},\"primaryImageOfPage\":{\"@id\":\"http:\/\/agrovivienda.com\/esp\/contacto\/#primaryimage\"},\"datePublished\":\"2013-08-27T16:48:14+00:00\",\"dateModified\":\"2021-08-17T17:43:48+00:00\",\"description\":\"Para mas informaci\\u00f3n sobre AgroVivienda por favor contactenos a trav\\u00e9s de nuestra pagina web.\",\"inLanguage\":\"en-US\",\"potentialAction\":[{\"@type\":\"ReadAction\",\"target\":[\"http:\/\/agrovivienda.com\/esp\/contacto\/\"]}]}]}<\/script>\n<!-- \/ Yoast SEO plugin. -->","_links":{"self":[{"href":"http:\/\/agrovivienda.com\/esp\/wp-json\/wp\/v2\/pages\/15"}],"collection":[{"href":"http:\/\/agrovivienda.com\/esp\/wp-json\/wp\/v2\/pages"}],"about":[{"href":"http:\/\/agrovivienda.com\/esp\/wp-json\/wp\/v2\/types\/page"}],"author":[{"embeddable":true,"href":"http:\/\/agrovivienda.com\/esp\/wp-json\/wp\/v2\/users\/1"}],"replies":[{"embeddable":true,"href":"http:\/\/agrovivienda.com\/esp\/wp-json\/wp\/v2\/comments?post=15"}],"version-history":[{"count":28,"href":"http:\/\/agrovivienda.com\/esp\/wp-json\/wp\/v2\/pages\/15\/revisions"}],"predecessor-version":[{"id":606,"href":"http:\/\/agrovivienda.com\/esp\/wp-json\/wp\/v2\/pages\/15\/revisions\/606"}],"wp:attachment":[{"href":"http:\/\/agrovivienda.com\/esp\/wp-json\/wp\/v2\/media?parent=15"}],"curies":[{"name":"wp","href":"https:\/\/api.w.org\/{rel}","templated":true}]}}