{"id":11,"date":"2013-08-27T16:47:40","date_gmt":"2013-08-27T16:47:40","guid":{"rendered":"http:\/\/agrovivienda.com\/esp\/?page_id=11"},"modified":"2022-02-04T18:55:06","modified_gmt":"2022-02-04T18:55:06","slug":"proyecto","status":"publish","type":"page","link":"http:\/\/agrovivienda.com\/esp\/proyecto\/","title":{"rendered":"Proyecto"},"content":{"rendered":"<p><strong>Proyecto<\/strong> &#8211; &nbsp;Modelo Uno; &nbsp;casas de 60 metros cuadros de 3 cuartos, 1 ba\u00f1o completo, cocina, sala, comedor, en un terreno de 1000 metros cuadrados. Modelo dos; casas de 68 metros cuadrados con 3 cuartos y 2 ba\u00f1os completos sala, comedor .&nbsp;Disfrute del bienestar de tener su propia casa donde tambi\u00e9n puede fomentar la sostenibilidad propia al usar su terreno para la agricultura donde puede alimentarse de su propia cosecha y generar una fuente de trabajo por la cual pueda dedicarse a la comercializaci\u00f3n de dichos productos, para generar un ingreso adicional. Inclusive a trav\u00e9s de este ingreso puede hacer sus pagos de su hipoteca.<\/p>\n<p>-Modelo tres, &nbsp;casas de 2 plantas de 140 metros cuadrados de construcci\u00f3n que incluye terreno de aproximadamente 1,000 metros cuadrados.<\/p>\n<p>-Cuenta con dos ba\u00f1os completos y uno de visita, sala ,comedor. Ventanas importadas ,pisos de cer\u00e1mica y muebles sanitarios de calidad. La puerta principal es de seguridad y la puerta de servicio es met\u00e1lica en la cocina. Los servicios b\u00e1sicos son el agua potable, electricidad. La vivienda esta equipada con puntos para TV, internet y el de los aires acondicionados&nbsp;<\/p>\n<p>-Viva en una Lotizacion cerrada que tambi\u00e9n le brindara seguridad, para el bienestar y tranquilidad suya y de su familia.<\/p>\n<p>-Acceso cercano a transporte y centros m\u00e9dicos.<\/p>\n<p>-Viva en un entorno de naturaleza, con aire puro, &nbsp;limpio, sin poluci\u00f3n, a pocos minutos del mar y disfrute del excelente clima de las costas del Pacifico Ecuatoriano.<\/p>\n<p><strong>Plano &#8211; Modelo 1 y Modelo 2 <\/strong><\/p>\n<p><a href=\"http:\/\/agrovivienda.com\/esp\/wp-content\/uploads\/2013\/08\/floor_plan.png\"><img loading=\"lazy\" class=\"alignnone size-full wp-image-57\" src=\"http:\/\/agrovivienda.com\/esp\/wp-content\/uploads\/2013\/08\/floor_plan.png\" alt=\"floor_plan\" width=\"655\" height=\"252\" srcset=\"http:\/\/agrovivienda.com\/esp\/wp-content\/uploads\/2013\/08\/floor_plan.png 655w, http:\/\/agrovivienda.com\/esp\/wp-content\/uploads\/2013\/08\/floor_plan-300x115.png 300w\" sizes=\"(max-width: 655px) 100vw, 655px\" \/><\/a><\/p>\n<p style=\"text-align: left;\"><a href=\"http:\/\/agrovivienda.com\/esp\/wp-content\/uploads\/2013\/08\/planomodelo2-e1407019732754.jpg\"><img loading=\"lazy\" class=\"wp-image-373 aligncenter\" src=\"http:\/\/agrovivienda.com\/esp\/wp-content\/uploads\/2013\/08\/planomodelo2-e1407019732754.jpg\" alt=\"Plano Modelo 2\" width=\"487\" height=\"362\" srcset=\"http:\/\/agrovivienda.com\/esp\/wp-content\/uploads\/2013\/08\/planomodelo2-e1407019732754.jpg 860w, http:\/\/agrovivienda.com\/esp\/wp-content\/uploads\/2013\/08\/planomodelo2-e1407019732754-300x222.jpg 300w\" sizes=\"(max-width: 487px) 100vw, 487px\" \/><\/a><\/p>\n<p>Tenemos tambi\u00e9n el modelo 3, &nbsp;de 2 plantas con 140 metros de construcci\u00f3n y 1000m2 de terreno.<\/p>\n<p><span style=\"font-weight: 600;\">Ubicaci\u00f3n<\/span><\/p>\n<p><iframe src=\"https:\/\/maps.google.com\/maps?q=-2.262038,-80.771037&amp;num=1&amp;t=h&amp;ie=UTF8&amp;ll=-2.261566,-80.770583&amp;spn=0.010828,0.01929&amp;z=14&amp;output=embed\" width=\"425\" height=\"350\" frameborder=\"0\" marginwidth=\"0\" marginheight=\"0\" scrolling=\"no\"><\/iframe><br \/>\n<small><a style=\"color: #0000ff; text-align: left;\" href=\"https:\/\/maps.google.com\/maps?q=-2.262038,-80.771037&amp;num=1&amp;t=h&amp;ie=UTF8&amp;ll=-2.261566,-80.770583&amp;spn=0.010828,0.01929&amp;z=14&amp;source=embed\">View Larger Map<\/a><\/small><\/p>\n<p>-Ubicado en la Provincia de Santa Elena en la pen\u00ednsula Ecuatoriana<\/p>\n<p>-Terreno est\u00e1 ubicado en la v\u00eda principal de Salinas&nbsp;\u2013 Guayaquil de esta manera dando acceso cercano a v\u00edas de transporte y f\u00e1cil acceso a diferentes ciudades. Adicionalmente f\u00e1cil acceso a carretera de Santa Elena, Atahualpa y San Pedro donde tiene cerca \u00e1reas comerciales y fuentes de trabajo.<\/p>\n<p>-Aparte de vivir entre la naturaleza puede disfrutar de la playa ya que solo queda a menos de 15 minutos de su vivienda.<\/p>\n<p>-Accesibilidad y disponibilidad de medios de transporte a las diferentes ciudades en los alrededores de su vivienda. Es v\u00e9rtice del desarrollo econ\u00f3mico productivo de la provincia de Santa Elena, se ubica geogr\u00e1ficamente en el centro de obras de importancia nacional que se realizaran en el futuro, tales como nuevo aeropuerto internacional de Salinas el cual fue inaugurado en Enero 2014, puerto de aguas profundas en Chanduy, y nuevo eje v\u00eda Playas&nbsp;\u2013 Salinas.<\/p>\n<p><strong>Agro Vivienda<\/strong><\/p>\n<p>-Terrenos desde 1000 mts que pueden ser usados para desarrollar su huerto familiar con el cual tener una sostenibilidad propia, en la cual se puede obtener los alimentos sembrados en su propio terreno. Alimentos saludables que ser\u00e1n frescos y pueden variar entre diferente tipos de verduras y frutas. Trabaje desde su casa, al dedicarse a la agricultura en su propio terreno.<\/p>\n<p>-Puede cultivar para consumo propio o comercializar su cosecha la cual le puede generar un ingreso adicional, por el cual puede incluso pagar la hipoteca de su casa y generarle tranquilidad y un bienestar adicional a su familia.<\/p>\n<p>-Disfrute de una excelente calidad de vida al tener su propia vivienda en un entorno sano , de naturaleza donde ademas puede beneficiarse de ingresos y &nbsp;con esta fuente de trabajo desde su propio hogar.<\/p>\n<p><strong>Precio \/ Financiamiento<\/strong><\/p>\n<p>El precio de venta de&nbsp;las casas en&nbsp;Agrovivienda empieza desde $37,000, los modelos de una planta. &nbsp;Los costos, tasas e impuestos de legalizaci\u00f3n de la compra venta , son por cuenta del comprador . Las casas de dos plantas modelo 3 empiezan &nbsp;desde $60,000 , consulte nuestros planes de financiamiento.<\/p>\n<p><strong>Ecuatorianos:<\/strong><\/p>\n<p>1. Los trabajadores ecuatorianos afiliados al Instituto Ecuatoriano de Seguridad Social (IESS), pueden aplicar por un cr\u00e9dito hipotecario en el Banco del Instituto Ecuatoriano de Seguridad Social (BIESS). Requisitos:<\/p>\n<p>\u27a2 Ser aprobado como sujeto de cr\u00e9dito en la simulaci\u00f3n del Banco del IESS (BIESS);<\/p>\n<p>\u27a2 Financiamiento del 100% del valor con pago inicial de $3,000;<\/p>\n<p>\u27a2 Plazos a 5, 10, 15, 20 y 25 a\u00f1os;<\/p>\n<p>\u27a2 Pagos mensuales a partir de 140 d\u00f3lares, dependiendo de los plazos.<\/p>\n<p>2. A trav\u00e9s del sistema Bancario Nacional o de Cooperativas, con sus planes de financiamiento, ofrecidos al p\u00fablico en general para adquisici\u00f3n de viviendas.<\/p>\n<p>&nbsp;<\/p>\n<p>&nbsp;<\/p>\n<p>&nbsp;<\/p>\n<p>&nbsp;<\/p>\n","protected":false},"excerpt":{"rendered":"<p>Proyecto &#8211; &nbsp;Modelo Uno; &nbsp;casas de 60 metros cuadros de 3 cuartos, 1 ba\u00f1o completo, cocina, sala, comedor, en un terreno de 1000 metros cuadrados. Modelo dos; casas de 68 metros cuadrados con 3 cuartos y 2 ba\u00f1os completos sala, comedor .&nbsp;Disfrute del bienestar de tener su propia casa donde tambi\u00e9n puede fomentar la sostenibilidad propia al usar su terreno para la agricultura donde puede alimentarse de su propia cosecha y generar una fuente de trabajo por la cual pueda dedicarse a la comercializaci\u00f3n de dichos productos, para generar un ingreso adicional. Inclusive a trav\u00e9s de este ingreso puede hacer&nbsp;<a href=\"http:\/\/agrovivienda.com\/esp\/proyecto\/\" class=\"read-more\">Continue Reading<\/a><\/p>\n","protected":false},"author":1,"featured_media":0,"parent":0,"menu_order":0,"comment_status":"closed","ping_status":"closed","template":"","meta":{"ngg_post_thumbnail":0},"yoast_head":"<!-- This site is optimized with the Yoast SEO plugin v15.2 - https:\/\/yoast.com\/wordpress\/plugins\/seo\/ -->\n<meta name=\"description\" content=\"Proyecto de casas de 60 metros cuadrados en un terreno de 1000 metros cuadrados. Cuenta con todos los acabados b\u00e1sicos y primordiales para el buen vivir.\" \/>\n<meta name=\"robots\" content=\"index, follow, max-snippet:-1, max-image-preview:large, max-video-preview:-1\" \/>\n<link rel=\"canonical\" href=\"http:\/\/agrovivienda.com\/esp\/proyecto\/\" \/>\n<meta property=\"og:locale\" content=\"en_US\" \/>\n<meta property=\"og:type\" content=\"article\" \/>\n<meta property=\"og:title\" content=\"Proyecto - AgroVivienda\" \/>\n<meta property=\"og:description\" content=\"Proyecto de casas de 60 metros cuadrados en un terreno de 1000 metros cuadrados. Cuenta con todos los acabados b\u00e1sicos y primordiales para el buen vivir.\" \/>\n<meta property=\"og:url\" content=\"http:\/\/agrovivienda.com\/esp\/proyecto\/\" \/>\n<meta property=\"og:site_name\" content=\"AgroVivienda\" \/>\n<meta property=\"article:modified_time\" content=\"2022-02-04T18:55:06+00:00\" \/>\n<meta property=\"og:image\" content=\"http:\/\/agrovivienda.com\/esp\/wp-content\/uploads\/2013\/08\/floor_plan.png\" \/>\n<meta name=\"twitter:label1\" value=\"Written by\">\n\t<meta name=\"twitter:data1\" value=\"admin\">\n\t<meta name=\"twitter:label2\" value=\"Est. reading time\">\n\t<meta name=\"twitter:data2\" value=\"3 minutes\">\n<script type=\"application\/ld+json\" class=\"yoast-schema-graph\">{\"@context\":\"https:\/\/schema.org\",\"@graph\":[{\"@type\":\"WebSite\",\"@id\":\"http:\/\/agrovivienda.com\/esp\/#website\",\"url\":\"http:\/\/agrovivienda.com\/esp\/\",\"name\":\"AgroVivienda\",\"description\":\"\",\"potentialAction\":[{\"@type\":\"SearchAction\",\"target\":\"http:\/\/agrovivienda.com\/esp\/?s={search_term_string}\",\"query-input\":\"required name=search_term_string\"}],\"inLanguage\":\"en-US\"},{\"@type\":\"ImageObject\",\"@id\":\"http:\/\/agrovivienda.com\/esp\/proyecto\/#primaryimage\",\"inLanguage\":\"en-US\",\"url\":\"http:\/\/agrovivienda.com\/esp\/wp-content\/uploads\/2013\/08\/floor_plan.png\",\"width\":655,\"height\":252},{\"@type\":\"WebPage\",\"@id\":\"http:\/\/agrovivienda.com\/esp\/proyecto\/#webpage\",\"url\":\"http:\/\/agrovivienda.com\/esp\/proyecto\/\",\"name\":\"Proyecto - AgroVivienda\",\"isPartOf\":{\"@id\":\"http:\/\/agrovivienda.com\/esp\/#website\"},\"primaryImageOfPage\":{\"@id\":\"http:\/\/agrovivienda.com\/esp\/proyecto\/#primaryimage\"},\"datePublished\":\"2013-08-27T16:47:40+00:00\",\"dateModified\":\"2022-02-04T18:55:06+00:00\",\"description\":\"Proyecto de casas de 60 metros cuadrados en un terreno de 1000 metros cuadrados. Cuenta con todos los acabados b\\u00e1sicos y primordiales para el buen vivir.\",\"inLanguage\":\"en-US\",\"potentialAction\":[{\"@type\":\"ReadAction\",\"target\":[\"http:\/\/agrovivienda.com\/esp\/proyecto\/\"]}]}]}<\/script>\n<!-- \/ Yoast SEO plugin. -->","_links":{"self":[{"href":"http:\/\/agrovivienda.com\/esp\/wp-json\/wp\/v2\/pages\/11"}],"collection":[{"href":"http:\/\/agrovivienda.com\/esp\/wp-json\/wp\/v2\/pages"}],"about":[{"href":"http:\/\/agrovivienda.com\/esp\/wp-json\/wp\/v2\/types\/page"}],"author":[{"embeddable":true,"href":"http:\/\/agrovivienda.com\/esp\/wp-json\/wp\/v2\/users\/1"}],"replies":[{"embeddable":true,"href":"http:\/\/agrovivienda.com\/esp\/wp-json\/wp\/v2\/comments?post=11"}],"version-history":[{"count":43,"href":"http:\/\/agrovivienda.com\/esp\/wp-json\/wp\/v2\/pages\/11\/revisions"}],"predecessor-version":[{"id":608,"href":"http:\/\/agrovivienda.com\/esp\/wp-json\/wp\/v2\/pages\/11\/revisions\/608"}],"wp:attachment":[{"href":"http:\/\/agrovivienda.com\/esp\/wp-json\/wp\/v2\/media?parent=11"}],"curies":[{"name":"wp","href":"https:\/\/api.w.org\/{rel}","templated":true}]}}